{"id":35303,"date":"2021-11-01T10:16:07","date_gmt":"2021-11-01T10:16:07","guid":{"rendered":"https:\/\/yoniegg.rocks\/?page_id=35303"},"modified":"2021-11-01T15:22:51","modified_gmt":"2021-11-01T15:22:51","slug":"yoni-egg-exercises","status":"publish","type":"page","link":"https:\/\/yoniegg.rocks\/en\/yoni-egg-exercises\/","title":{"rendered":"YONI EGG EXCERCISES"},"content":{"rendered":"\t<section class=\"section\" id=\"section_1917648388\">\n\t\t<div class=\"bg section-bg fill bg-fill  \" >\n\n\t\t\t\n\t\t\t\n\t\t\t\n\n\t\t<\/div><!-- .section-bg -->\n\n\t\t<div class=\"section-content relative\">\n\t\t\t\n<div class=\"row\"  id=\"row-1160366627\">\n<div class=\"col nospace small-12 large-12\"  ><div class=\"col-inner\" style=\"padding:0 0px 0px 0px;margin:0 0px 0px 0px;\" >\n<div class=\"gap-element clearfix\" style=\"display:block; height:auto; padding-top:42px\"><\/div>\n<div id=\"wer-steht\"><\/div>\n<h1 class=\"white-text\" style=\"text-align: center; font-size: 42px;\">YONI EGG EXERCISES<\/h1>\n<div style=\"padding-top: 8px;\"><\/div>\n<h2 class=\"white-text\" style=\"text-align: center;\">A YONI EGG PRACTICE AS UNIQUE AS YOU ARE<\/h2>\n<h3 class=\"white-text\" style=\"text-align: center;\">AWAKEN YOUR YONI. LIVE YOUR FEMININE.<br \/>\n<\/h3>\n<h3 class=\"white-text\" style=\"text-align: center;\">FEEL ALL THE PLEASURE YOU ARE CAPABLE OF<\/h3>\n<p><!--\n\n<h3 class=\"white-text\" style=\"text-align: center;\">das 28-t\u00e4gige Online Programm f\u00fcr Frauen<\/h3>\n\n--><\/p>\n<\/div><\/div>\n\n<style scope=\"scope\">\n\n#row-1160366627 > .col > .col-inner {\n  padding: 0 0px 0px 0px;\n}\n<\/style>\n<\/div>\n\t\t<\/div><!-- .section-content -->\n\n\t\t\n<style scope=\"scope\">\n\n#section_1917648388 {\n  padding-top: 30px;\n  padding-bottom: 30px;\n  margin-bottom: 0px;\n}\n#section_1917648388 .section-bg.bg-loaded {\n  background-image: url(https:\/\/yoniegg.rocks\/wp-content\/uploads\/2015\/06\/contact.jpg);\n}\n<\/style>\n\t<\/section>\n\t\n\t<section class=\"section\" id=\"section_621010141\">\n\t\t<div class=\"bg section-bg fill bg-fill  \" >\n\n\t\t\t\n\t\t\t\n\t\t\t\n\n\t\t<\/div><!-- .section-bg -->\n\n\t\t<div class=\"section-content relative\">\n\t\t\t\n<div class=\"row\"  id=\"row-628019277\">\n<div class=\"col nospace small-12 large-12\"  ><div class=\"col-inner\"  >\n<div style=\"padding-top: 3px;\"><\/div>\n<div style=\"text-align: center;\">\n<!--\n\n<p style=\"height: 315px; overflow: hidden; -webkit-backface-visibility: hidden;\">--><\/p>\n<p><iframe loading=\"lazy\" width=\"560\" height=\"315\" src=\"https:\/\/www.youtube.com\/embed\/NRiEz1FK8DQ?rel=0\" title=\"YouTube video player\" frameborder=\"0\" allow=\"accelerometer; autoplay; clipboard-write; encrypted-media; gyroscope; picture-in-picture\" allowfullscreen><\/iframe><\/p>\n<\/div>\n<\/div><\/div>\n<\/div>\n\t\t<\/div><!-- .section-content -->\n\n\t\t\n<style scope=\"scope\">\n\n#section_621010141 {\n  padding-top: 30px;\n  padding-bottom: 30px;\n}\n#section_621010141 .section-bg.bg-loaded {\n  background-image: url(https:\/\/yoniegg.rocks\/wp-content\/uploads\/2015\/06\/contact.jpg);\n}\n<\/style>\n\t<\/section>\n\t\n\t<section class=\"section\" id=\"section_826535192\">\n\t\t<div class=\"bg section-bg fill bg-fill  \" >\n\n\t\t\t\n\t\t\t\n\t\t\t\n\n\t\t<\/div><!-- .section-bg -->\n\n\t\t<div class=\"section-content relative\">\n\t\t\t\n<div class=\"row\"  id=\"row-845666113\">\n<div class=\"col small-12 large-12\"  ><div class=\"col-inner\"  >\n<p class=\"white-text\" style=\"text-align: center;\">this profound Yoni Egg Online course is a collection of my favourite Yoni Egg excercises that I have developed and taught in the last decade.<\/p>\n<p class=\"white-text\" style=\"text-align: center;\">connect from the intimacy and coziness of your own home and join in for this powerful initiation into the Yoni Egg rituals.<\/p>\n<p class=\"white-text\" style=\"text-align: center;\">enjoy the privilege to sign up to my waitlist with no commitment and zero cost.<\/p>\n<p class=\"white-text\" style=\"text-align: center;\">this enriching experience will let you Yoni blossom on many levels.<\/p>\n<p class=\"white-text\" style=\"text-align: center;\">yours<\/p>\n<p class=\"white-text\" style=\"text-align: center;\">Violeta Labella<\/p>\n<a rel=\"noopener noreferrer\" href=\"https:\/\/violetalabella.com\/yoni-egg-waitlist\" target=\"_blank\" class=\"button white is-larger expand\"  >\n    <span>WAITLIST<\/span>\n  <\/a>\n\n<\/div><\/div>\n<\/div>\n\t\t<\/div><!-- .section-content -->\n\n\t\t\n<style scope=\"scope\">\n\n#section_826535192 {\n  padding-top: 30px;\n  padding-bottom: 30px;\n}\n#section_826535192 .section-bg.bg-loaded {\n  background-image: url(https:\/\/yoniegg.rocks\/wp-content\/uploads\/2015\/06\/contact.jpg);\n}\n<\/style>\n\t<\/section>\n\t\n\t<section class=\"section hideme\" id=\"section_1207764942\">\n\t\t<div class=\"bg section-bg fill bg-fill  \" >\n\n\t\t\t\n\t\t\t\n\t\t\t\n\n\t\t<\/div><!-- .section-bg -->\n\n\t\t<div class=\"section-content relative\">\n\t\t\t\n<div class=\"row\"  id=\"row-314985328\">\n<div class=\"col small-12 large-12\"  ><div class=\"col-inner\"  >\n<div id=\"wer-steht\">\u00a0<\/div>\n<h1 class=\"white-text\" style=\"text-align: center; font-size: 42px;\">LUSTBEWUSST PROGRAMM<\/h1>\n<div style=\"padding-top: 0px;\">\u00a0<\/div>\n<h3 class=\"white-text\" style=\"text-align: center;\">Zwischen K\u00f6rperwahrnehmung, Lebensfreude, Lust und Extase<\/h3>\n<h3 class=\"white-text\" style=\"text-align: center;\">Das 30-t\u00e4gige Online Programm f\u00fcr Frauen<\/h3>\n<div style=\"padding-top: 3px;\">\u00a0<\/div>\n<div style=\"text-align: center;\"><!--\n\n<p style=\"height: 315px; overflow: hidden; -webkit-backface-visibility: hidden;\">--><\/p>\n<p><iframe loading=\"lazy\" style=\"border: none;\" src=\"https:\/\/iframe.videodelivery.net\/53a96a4b2cca516e06eae1e9914c4297?poster=https:\/\/violetalabella.com\/wp-content\/uploads\/lebenslust-cover-image.jpg\" width=\"1280\" height=\"720\" allowfullscreen=\"allowfullscreen\"><\/iframe><\/p>\n<\/div>\n<h3 style=\"text-align: center;\">\u00a0<\/h3>\n<p class=\"white-text\" style=\"text-align: center;\">Violeta Labella inspiriert zu einem gesteigerten, erf\u00fcllten Liebesleben. Sie verwebt Traditionelles mit dem Modernen, logisch, passend und leicht anwendbar f\u00fcr die Frau der Neuzeit.<\/p>\n<p class=\"white-text\" style=\"text-align: center;\">M\u00f6chtest auch du den sch\u00f6nsten Teil deines Lebens sinnlich ver\u00e4ndern?<\/p>\n<p class=\"white-text\" style=\"text-align: center;\">Du bist interessiert? lasse dich jetzt schon mal vormerken und wir senden dir dein Angebot zu.<\/p>\n<p><!--\n\n<p class=\"white-text\" style=\"text-align: center;\">Du bist interessiert? lasse dich jetzt schon mal vormerken und geniesse den Vorteil f\u00fcr die ersten Teilnehmerinnen!<\/p>\n\n--><\/p>\n<\/div><\/div>\n<\/div>\n<div class=\"row\"  id=\"row-139554945\">\n<div class=\"col small-12 large-12\"  ><div class=\"col-inner\"  >\n\n<div class=\"wpcf7 no-js\" id=\"wpcf7-f11937-o1\" lang=\"en-US\" dir=\"ltr\" data-wpcf7-id=\"11937\">\n<div class=\"screen-reader-response\"><p role=\"status\" aria-live=\"polite\" aria-atomic=\"true\"><\/p> <ul><\/ul><\/div>\n<form action=\"\/en\/wp-json\/wp\/v2\/pages\/35303#wpcf7-f11937-o1\" method=\"post\" class=\"wpcf7-form init\" aria-label=\"Contact form\" novalidate=\"novalidate\" data-status=\"init\">\n<fieldset class=\"hidden-fields-container\"><input type=\"hidden\" name=\"_wpcf7\" value=\"11937\" \/><input type=\"hidden\" name=\"_wpcf7_version\" value=\"6.1.1\" \/><input type=\"hidden\" name=\"_wpcf7_locale\" value=\"en_US\" \/><input type=\"hidden\" name=\"_wpcf7_unit_tag\" value=\"wpcf7-f11937-o1\" \/><input type=\"hidden\" name=\"_wpcf7_container_post\" value=\"0\" \/><input type=\"hidden\" name=\"_wpcf7_posted_data_hash\" value=\"\" \/><input type=\"hidden\" name=\"_wpcf7dtx_version\" value=\"5.0.3\" \/>\n<\/fieldset>\n<p><label class=\"white-text\"> wie d\u00fcrfen wir dich nennen?<br \/>\n<span class=\"wpcf7-form-control-wrap\" data-name=\"your-name\"><input size=\"40\" maxlength=\"400\" class=\"wpcf7-form-control wpcf7-text wpcf7-validates-as-required\" aria-required=\"true\" aria-invalid=\"false\" value=\"\" type=\"text\" name=\"your-name\" \/><\/span> <\/label>\n<\/p>\n<p><span id=\"email-form-wrapper-1\" class=\"wpcf7-form-control-wrap email-address-wrap\" ><input type=\"hidden\" name=\"email-address-time-start\" value=\"1776949177\"><input type=\"hidden\" name=\"email-address-time-check\" value=\"14\"><label for=\"wpcf7-69ea17b988b23-field\" class=\"hp-message\">Please leave this field empty.<\/label><input id=\"wpcf7-69ea17b988b23-field\"  placeholder=\"your email address\"  class=\"wpcf7-form-control wpcf7-text email-form-field-1\" type=\"text\" name=\"email-address\" value=\"\" size=\"40\" tabindex=\"-1\" autocomplete=\"new-password\" \/><\/span>\n<\/p>\n<p><label class=\"white-text\"> deine Email Adresse<br \/>\n<span class=\"wpcf7-form-control-wrap\" data-name=\"your-email\"><input size=\"40\" maxlength=\"400\" class=\"wpcf7-form-control wpcf7-email wpcf7-validates-as-required wpcf7-text wpcf7-validates-as-email\" aria-required=\"true\" aria-invalid=\"false\" value=\"\" type=\"email\" name=\"your-email\" \/><\/span> <\/label>\n<\/p>\n<p><div class=\"cf7-cf-turnstile\" style=\"margin-top: 0px; margin-bottom: -15px;\"> <div id=\"cf-turnstile-cf7-969702853\" class=\"cf-turnstile\" data-sitekey=\"0x4AAAAAACE67WtSUPjp03uG\" data-theme=\"light\" data-language=\"auto\" data-size=\"normal\" data-retry=\"auto\" data-retry-interval=\"1000\" data-action=\"contact-form-7\" data-appearance=\"always\"><\/div> <script>document.addEventListener(\"DOMContentLoaded\", function() { setTimeout(function(){ var e=document.getElementById(\"cf-turnstile-cf7-969702853\"); e&&!e.innerHTML.trim()&&(turnstile.remove(\"#cf-turnstile-cf7-969702853\"), turnstile.render(\"#cf-turnstile-cf7-969702853\", {sitekey:\"0x4AAAAAACE67WtSUPjp03uG\"})); }, 0); });<\/script> <br class=\"cf-turnstile-br cf-turnstile-br-cf7-969702853\"> <style>#cf-turnstile-cf7-969702853 { margin-left: -15px; }<\/style> <script>document.addEventListener(\"DOMContentLoaded\",function(){document.querySelectorAll('.wpcf7-form').forEach(function(e){e.addEventListener('submit',function(){if(document.getElementById('cf-turnstile-cf7-969702853')){setTimeout(function(){turnstile.reset('#cf-turnstile-cf7-969702853');},1000)}})})});<\/script> <\/div><br\/><input class=\"wpcf7-form-control wpcf7-submit has-spinner\" type=\"submit\" value=\"Send\" \/>\n<\/p><div class=\"wpcf7-response-output\" aria-hidden=\"true\"><\/div>\n<\/form>\n<\/div>\n\n<\/div><\/div>\n<\/div>\n\t\t<\/div><!-- .section-content -->\n\n\t\t\n<style scope=\"scope\">\n\n#section_1207764942 {\n  padding-top: 30px;\n  padding-bottom: 30px;\n}\n#section_1207764942 .section-bg.bg-loaded {\n  background-image: url(https:\/\/yoniegg.rocks\/wp-content\/uploads\/2015\/06\/contact.jpg);\n}\n<\/style>\n\t<\/section>\n\t\n","protected":false},"excerpt":{"rendered":"<p>DIE DEINEN SCHOSSRAUM BELEBEN UND DEIN LEBEN BEREICHERN<\/p>\n","protected":false},"author":1,"featured_media":34787,"parent":0,"menu_order":0,"comment_status":"closed","ping_status":"closed","template":"page-blank.php","meta":{"footnotes":""},"class_list":["post-35303","page","type-page","status-publish","has-post-thumbnail","hentry"],"_links":{"self":[{"href":"https:\/\/yoniegg.rocks\/en\/wp-json\/wp\/v2\/pages\/35303","targetHints":{"allow":["GET"]}}],"collection":[{"href":"https:\/\/yoniegg.rocks\/en\/wp-json\/wp\/v2\/pages"}],"about":[{"href":"https:\/\/yoniegg.rocks\/en\/wp-json\/wp\/v2\/types\/page"}],"author":[{"embeddable":true,"href":"https:\/\/yoniegg.rocks\/en\/wp-json\/wp\/v2\/users\/1"}],"replies":[{"embeddable":true,"href":"https:\/\/yoniegg.rocks\/en\/wp-json\/wp\/v2\/comments?post=35303"}],"version-history":[{"count":5,"href":"https:\/\/yoniegg.rocks\/en\/wp-json\/wp\/v2\/pages\/35303\/revisions"}],"predecessor-version":[{"id":35331,"href":"https:\/\/yoniegg.rocks\/en\/wp-json\/wp\/v2\/pages\/35303\/revisions\/35331"}],"wp:featuredmedia":[{"embeddable":true,"href":"https:\/\/yoniegg.rocks\/en\/wp-json\/wp\/v2\/media\/34787"}],"wp:attachment":[{"href":"https:\/\/yoniegg.rocks\/en\/wp-json\/wp\/v2\/media?parent=35303"}],"curies":[{"name":"wp","href":"https:\/\/api.w.org\/{rel}","templated":true}]}}